{"id":113,"date":"2015-10-28T14:35:52","date_gmt":"2015-10-28T14:35:52","guid":{"rendered":"http:\/\/www.martonilles.com\/?page_id=113&#038;lang=de"},"modified":"2015-12-06T19:58:23","modified_gmt":"2015-12-06T19:58:23","slug":"kontakt","status":"publish","type":"page","link":"https:\/\/www.martonilles.com\/de\/kontakt\/","title":{"rendered":"Kontakt"},"content":{"rendered":"<h3 style=\"text-align: center;\"><strong><a href=\"mailto:martonilles@yahoo.com\">martonilles@yahoo.com<\/a><\/strong><\/h3>\n<h3 style=\"text-align: center;\">Verlag<\/h3>\n<h3 style=\"text-align: center;\">Breitkopf &amp; H\u00e4rtel<\/h3>\n<p style=\"text-align: center;\">Walkm\u00fchlstra\u00dfe 52<br \/>\n65195 Wiesbaden DEUTSCHLAND<br \/>\nTel +49 (611) 45008 0 Fax +49 (611) 45008 59-61<br \/>\n<a href=\"http:\/\/www.breitkopf.com\" target=\"_blank\">www.breitkopf.com<\/a><\/p>\n<p style=\"text-align: center;\">2015 Foto Copyright<br \/>\n\u00a9Alberto Novelli, Villa Massimo<br \/>\n\u00a9R\u00f3bert M\u00e1t\u00e9<br \/>\n\u00a9Csaba Ill\u00e9s<\/p>\n<p style=\"text-align: center;\">Impressum<\/p>\n","protected":false},"excerpt":{"rendered":"<p>martonilles@yahoo.com Verlag Breitkopf &amp; H\u00e4rtel Walkm\u00fchlstra\u00dfe 52 65195 Wiesbaden DEUTSCHLAND Tel +49 (611) 45008 0 Fax +49 (611) 45008 59-61 www.breitkopf.com 2015 Foto Copyright \u00a9Alberto Novelli, Villa Massimo \u00a9R\u00f3bert M\u00e1t\u00e9 \u00a9Csaba Ill\u00e9s Impressum<\/p>\n","protected":false},"author":1,"featured_media":0,"parent":0,"menu_order":0,"comment_status":"closed","ping_status":"closed","template":"","meta":{"footnotes":""},"_links":{"self":[{"href":"https:\/\/www.martonilles.com\/de\/wp-json\/wp\/v2\/pages\/113"}],"collection":[{"href":"https:\/\/www.martonilles.com\/de\/wp-json\/wp\/v2\/pages"}],"about":[{"href":"https:\/\/www.martonilles.com\/de\/wp-json\/wp\/v2\/types\/page"}],"author":[{"embeddable":true,"href":"https:\/\/www.martonilles.com\/de\/wp-json\/wp\/v2\/users\/1"}],"replies":[{"embeddable":true,"href":"https:\/\/www.martonilles.com\/de\/wp-json\/wp\/v2\/comments?post=113"}],"version-history":[{"count":5,"href":"https:\/\/www.martonilles.com\/de\/wp-json\/wp\/v2\/pages\/113\/revisions"}],"predecessor-version":[{"id":483,"href":"https:\/\/www.martonilles.com\/de\/wp-json\/wp\/v2\/pages\/113\/revisions\/483"}],"wp:attachment":[{"href":"https:\/\/www.martonilles.com\/de\/wp-json\/wp\/v2\/media?parent=113"}],"curies":[{"name":"wp","href":"https:\/\/api.w.org\/{rel}","templated":true}]}}