{"id":1857,"date":"2025-02-07T19:58:46","date_gmt":"2025-02-07T18:58:46","guid":{"rendered":"https:\/\/www.martonilles.com\/?page_id=1857"},"modified":"2025-02-07T20:06:17","modified_gmt":"2025-02-07T19:06:17","slug":"psychogramm-iv-durcaskodos-schmollend-fuer-violoncello-2019","status":"publish","type":"page","link":"https:\/\/www.martonilles.com\/de\/werke\/instrumentationen\/psychogramm-iv-durcaskodos-schmollend-fuer-violoncello-2019\/","title":{"rendered":"Psychogramm IV &#8222;Durc\u00e1skod\u00f3s&#8220; <span>(schmollend) f\u00fcr Violoncello (2019) <\/span>"},"content":{"rendered":"<p><strong>Dauer: <\/strong>14 Min.<br class=\"spacer\" \/><strong>UA.: <\/strong>8.6.2019, SWR-Attacca, Theaterhaus, Stuttgart, S\u00e9verine Ballon \u2013 Violoncello<br \/>\n<strong>Kompositionsauftrag des SWR<\/strong><\/p>\n<p><iframe title=\"Spotify Embed: Psychogram IV. &quot;Durc\u00e1skod\u00f3s&quot; (Sulking) for Violoncello [2019\/2021]\" style=\"border-radius: 12px\" width=\"100%\" height=\"152\" frameborder=\"0\" allowfullscreen allow=\"autoplay; clipboard-write; encrypted-media; fullscreen; picture-in-picture\" loading=\"lazy\" src=\"https:\/\/open.spotify.com\/embed\/track\/30nO2SHKVkTh75BPdiDHYr?si=e1fd62b93528434c&#038;utm_source=oembed\"><\/iframe><\/p>\n","protected":false},"excerpt":{"rendered":"<p>Dauer: 14 Min.UA.: 8.6.2019, SWR-Attacca, Theaterhaus, Stuttgart, S\u00e9verine Ballon \u2013 Violoncello Kompositionsauftrag des SWR<\/p>\n","protected":false},"author":2,"featured_media":0,"parent":359,"menu_order":0,"comment_status":"closed","ping_status":"closed","template":"","meta":{"footnotes":""},"_links":{"self":[{"href":"https:\/\/www.martonilles.com\/de\/wp-json\/wp\/v2\/pages\/1857"}],"collection":[{"href":"https:\/\/www.martonilles.com\/de\/wp-json\/wp\/v2\/pages"}],"about":[{"href":"https:\/\/www.martonilles.com\/de\/wp-json\/wp\/v2\/types\/page"}],"author":[{"embeddable":true,"href":"https:\/\/www.martonilles.com\/de\/wp-json\/wp\/v2\/users\/2"}],"replies":[{"embeddable":true,"href":"https:\/\/www.martonilles.com\/de\/wp-json\/wp\/v2\/comments?post=1857"}],"version-history":[{"count":4,"href":"https:\/\/www.martonilles.com\/de\/wp-json\/wp\/v2\/pages\/1857\/revisions"}],"predecessor-version":[{"id":1864,"href":"https:\/\/www.martonilles.com\/de\/wp-json\/wp\/v2\/pages\/1857\/revisions\/1864"}],"up":[{"embeddable":true,"href":"https:\/\/www.martonilles.com\/de\/wp-json\/wp\/v2\/pages\/359"}],"wp:attachment":[{"href":"https:\/\/www.martonilles.com\/de\/wp-json\/wp\/v2\/media?parent=1857"}],"curies":[{"name":"wp","href":"https:\/\/api.w.org\/{rel}","templated":true}]}}