{"id":1872,"date":"2025-02-07T20:18:33","date_gmt":"2025-02-07T19:18:33","guid":{"rendered":"https:\/\/www.martonilles.com\/?page_id=1872"},"modified":"2025-02-07T20:57:11","modified_gmt":"2025-02-07T19:57:11","slug":"psychogramm-vi-szorongos-bedraengt-fuer-kontrabass-2021-22","status":"publish","type":"page","link":"https:\/\/www.martonilles.com\/de\/werke\/instrumentationen\/psychogramm-vi-szorongos-bedraengt-fuer-kontrabass-2021-22\/","title":{"rendered":"Psychogramm VI &#8222;Szorong\u00f3s&#8220; <span>(bedr\u00e4ngt) f\u00fcr Kontrabass (2021\/22) <\/span>"},"content":{"rendered":"<p><strong>L\u00e4nge:\u00a0<\/strong> 21 Min.<br class=\"spacer\" \/><strong>UA.:\u00a0<\/strong> 16. April 2022, Hold utcai reform\u00e1tus templom, Budapest, Uli Fussenegger \u2013 Kontrabass<br \/>\n<strong>Kompositionsauftrag:<\/strong> Sonus Stiftung Budapest, unterst\u00fctzt von der Ernst von Siemens Musikstiftung<\/p>\n","protected":false},"excerpt":{"rendered":"<p>L\u00e4nge:\u00a0 21 Min.UA.:\u00a0 16. April 2022, Hold utcai reform\u00e1tus templom, Budapest, Uli Fussenegger \u2013 Kontrabass Kompositionsauftrag: Sonus Stiftung Budapest, unterst\u00fctzt von der Ernst von Siemens Musikstiftung<\/p>\n","protected":false},"author":2,"featured_media":0,"parent":359,"menu_order":0,"comment_status":"closed","ping_status":"closed","template":"","meta":{"footnotes":""},"_links":{"self":[{"href":"https:\/\/www.martonilles.com\/de\/wp-json\/wp\/v2\/pages\/1872"}],"collection":[{"href":"https:\/\/www.martonilles.com\/de\/wp-json\/wp\/v2\/pages"}],"about":[{"href":"https:\/\/www.martonilles.com\/de\/wp-json\/wp\/v2\/types\/page"}],"author":[{"embeddable":true,"href":"https:\/\/www.martonilles.com\/de\/wp-json\/wp\/v2\/users\/2"}],"replies":[{"embeddable":true,"href":"https:\/\/www.martonilles.com\/de\/wp-json\/wp\/v2\/comments?post=1872"}],"version-history":[{"count":4,"href":"https:\/\/www.martonilles.com\/de\/wp-json\/wp\/v2\/pages\/1872\/revisions"}],"predecessor-version":[{"id":1882,"href":"https:\/\/www.martonilles.com\/de\/wp-json\/wp\/v2\/pages\/1872\/revisions\/1882"}],"up":[{"embeddable":true,"href":"https:\/\/www.martonilles.com\/de\/wp-json\/wp\/v2\/pages\/359"}],"wp:attachment":[{"href":"https:\/\/www.martonilles.com\/de\/wp-json\/wp\/v2\/media?parent=1872"}],"curies":[{"name":"wp","href":"https:\/\/api.w.org\/{rel}","templated":true}]}}