{"id":1918,"date":"2025-02-17T22:31:46","date_gmt":"2025-02-17T21:31:46","guid":{"rendered":"https:\/\/www.martonilles.com\/?page_id=1918"},"modified":"2025-02-17T22:38:09","modified_gmt":"2025-02-17T21:38:09","slug":"drei-aquarelle-fuer-klaviertrio","status":"publish","type":"page","link":"https:\/\/www.martonilles.com\/de\/werke\/kammermusik\/drei-aquarelle-fuer-klaviertrio\/","title":{"rendered":"Drei Aquarelle <span> f\u00fcr Klaviertrio <\/span>"},"content":{"rendered":"<p><strong>Besetzung:<\/strong> Klav., Vl., Vc.<br \/>\n<strong>L\u00e4nge:<\/strong> 12 min.<br \/>\n<strong>UA:<\/strong> 29. Juni 2024, B\u00e5stad Chamber Music Festival, Messiaen Quartet Copenhagen<br \/>\n<strong>Kompositionsauftrag: <\/strong>B\u00e5stad Chamber Music Festival und Messiaen Quartet Copenhagen<\/p>\n","protected":false},"excerpt":{"rendered":"<p>Besetzung: Klav., Vl., Vc. L\u00e4nge: 12 min. UA: 29. Juni 2024, B\u00e5stad Chamber Music Festival, Messiaen Quartet Copenhagen Kompositionsauftrag: B\u00e5stad Chamber Music Festival und Messiaen Quartet Copenhagen<\/p>\n","protected":false},"author":2,"featured_media":0,"parent":339,"menu_order":0,"comment_status":"closed","ping_status":"closed","template":"","meta":{"footnotes":""},"_links":{"self":[{"href":"https:\/\/www.martonilles.com\/de\/wp-json\/wp\/v2\/pages\/1918"}],"collection":[{"href":"https:\/\/www.martonilles.com\/de\/wp-json\/wp\/v2\/pages"}],"about":[{"href":"https:\/\/www.martonilles.com\/de\/wp-json\/wp\/v2\/types\/page"}],"author":[{"embeddable":true,"href":"https:\/\/www.martonilles.com\/de\/wp-json\/wp\/v2\/users\/2"}],"replies":[{"embeddable":true,"href":"https:\/\/www.martonilles.com\/de\/wp-json\/wp\/v2\/comments?post=1918"}],"version-history":[{"count":3,"href":"https:\/\/www.martonilles.com\/de\/wp-json\/wp\/v2\/pages\/1918\/revisions"}],"predecessor-version":[{"id":1921,"href":"https:\/\/www.martonilles.com\/de\/wp-json\/wp\/v2\/pages\/1918\/revisions\/1921"}],"up":[{"embeddable":true,"href":"https:\/\/www.martonilles.com\/de\/wp-json\/wp\/v2\/pages\/339"}],"wp:attachment":[{"href":"https:\/\/www.martonilles.com\/de\/wp-json\/wp\/v2\/media?parent=1918"}],"curies":[{"name":"wp","href":"https:\/\/api.w.org\/{rel}","templated":true}]}}