{"id":323,"date":"2015-11-23T12:57:35","date_gmt":"2015-11-23T12:57:35","guid":{"rendered":"http:\/\/www.martonilles.com\/de\/?page_id=323"},"modified":"2016-04-07T16:34:42","modified_gmt":"2016-04-07T16:34:42","slug":"scene-polidimensionali-xv-maniakus-vonalak-manische-linien-fuer-6-klarinetten-und-klavier-2008","status":"publish","type":"page","link":"https:\/\/www.martonilles.com\/de\/werke\/ensemble\/scene-polidimensionali-xv-maniakus-vonalak-manische-linien-fuer-6-klarinetten-und-klavier-2008\/","title":{"rendered":"Scene polidimensionali XV \u201eM\u00e1ni\u00e1kus vonalak\u201c <span>(Manische Linien) f\u00fcr 6 Klarinetten und Klavier (2008) <\/span>"},"content":{"rendered":"<p><strong>Dauer:<\/strong> 8 Min.<br class=\"spacer\" \/><strong>Besetzung:<\/strong> 6Kl.(B)-Klav.-Dirigent oder Click-track<br class=\"spacer\" \/><strong>UA.:<\/strong> 24.4.2008, Kammerspiele M\u00fcnchen, Verleihung des Ernst von Siemens Musikpreises, Burkot, Gorbachev, Heusser, Reding, Rybakov, Shklyaver &#8211; Klarinette, M\u00e1rton Ill\u00e9s &#8211; Klavier Im Auftrag der Ernst von Siemens Musikstiftung.<\/p>\n<p>Musikbeispiele: Kyrill Rybakov, Magdalena Burkot-Rybakov, Lars Heusser,\u00a0Georg Paltz, Bogl\u00e1rka Pecze, Elizaveta Shklyaver &#8211; Klarinette, M\u00e1rton Ill\u00e9s &#8211; Klavier<\/p>\n<!--[if lt IE 9]><script>document.createElement('audio');<\/script><![endif]-->\n<audio class=\"wp-audio-shortcode\" id=\"audio-323-1\" preload=\"none\" style=\"width: 100%;\" controls=\"controls\"><source type=\"audio\/mpeg\" src=\"http:\/\/www.martonilles.com\/wp-content\/uploads\/2015\/11\/M\u00e1ni\u00e1kus-Ausschnitt-1.mp3?_=1\" \/><a href=\"http:\/\/www.martonilles.com\/wp-content\/uploads\/2015\/11\/M\u00e1ni\u00e1kus-Ausschnitt-1.mp3\">http:\/\/www.martonilles.com\/wp-content\/uploads\/2015\/11\/M\u00e1ni\u00e1kus-Ausschnitt-1.mp3<\/a><\/audio>\n<audio class=\"wp-audio-shortcode\" id=\"audio-323-2\" preload=\"none\" style=\"width: 100%;\" controls=\"controls\"><source type=\"audio\/mpeg\" src=\"http:\/\/www.martonilles.com\/wp-content\/uploads\/2015\/11\/M\u00e1ni\u00e1kus-Ausschnitt-2.mp3?_=2\" \/><a href=\"http:\/\/www.martonilles.com\/wp-content\/uploads\/2015\/11\/M\u00e1ni\u00e1kus-Ausschnitt-2.mp3\">http:\/\/www.martonilles.com\/wp-content\/uploads\/2015\/11\/M\u00e1ni\u00e1kus-Ausschnitt-2.mp3<\/a><\/audio>\n<p><a href=\"http:\/\/www.martonilles.com\/wp-content\/uploads\/2016\/04\/WERGO-CD-booklet.pdf\" rel=\"attachment wp-att-927\"><img loading=\"lazy\" decoding=\"async\" class=\"alignnone wp-image-927\" src=\"http:\/\/www.martonilles.com\/wp-content\/uploads\/2015\/11\/Wergo-Cover-285x300.jpeg\" alt=\"Wergo Cover\" width=\"127\" height=\"133\" srcset=\"https:\/\/www.martonilles.com\/wp-content\/uploads\/2015\/11\/Wergo-Cover-285x300.jpeg 285w, https:\/\/www.martonilles.com\/wp-content\/uploads\/2015\/11\/Wergo-Cover.jpeg 456w\" sizes=\"(max-width: 127px) 100vw, 127px\" \/><\/a><\/p>\n","protected":false},"excerpt":{"rendered":"<p>Dauer: 8 Min.Besetzung: 6Kl.(B)-Klav.-Dirigent oder Click-trackUA.: 24.4.2008, Kammerspiele M\u00fcnchen, Verleihung des Ernst von Siemens Musikpreises, Burkot, Gorbachev, Heusser, Reding, Rybakov, Shklyaver &#8211; Klarinette, M\u00e1rton Ill\u00e9s &#8211; Klavier Im Auftrag der Ernst von Siemens Musikstiftung. Musikbeispiele: Kyrill Rybakov, Magdalena Burkot-Rybakov, Lars Heusser,\u00a0Georg Paltz, Bogl\u00e1rka Pecze, Elizaveta Shklyaver &#8211; Klarinette, M\u00e1rton Ill\u00e9s &#8211; Klavier<\/p>\n","protected":false},"author":1,"featured_media":0,"parent":316,"menu_order":20,"comment_status":"closed","ping_status":"closed","template":"","meta":{"footnotes":""},"_links":{"self":[{"href":"https:\/\/www.martonilles.com\/de\/wp-json\/wp\/v2\/pages\/323"}],"collection":[{"href":"https:\/\/www.martonilles.com\/de\/wp-json\/wp\/v2\/pages"}],"about":[{"href":"https:\/\/www.martonilles.com\/de\/wp-json\/wp\/v2\/types\/page"}],"author":[{"embeddable":true,"href":"https:\/\/www.martonilles.com\/de\/wp-json\/wp\/v2\/users\/1"}],"replies":[{"embeddable":true,"href":"https:\/\/www.martonilles.com\/de\/wp-json\/wp\/v2\/comments?post=323"}],"version-history":[{"count":5,"href":"https:\/\/www.martonilles.com\/de\/wp-json\/wp\/v2\/pages\/323\/revisions"}],"predecessor-version":[{"id":941,"href":"https:\/\/www.martonilles.com\/de\/wp-json\/wp\/v2\/pages\/323\/revisions\/941"}],"up":[{"embeddable":true,"href":"https:\/\/www.martonilles.com\/de\/wp-json\/wp\/v2\/pages\/316"}],"wp:attachment":[{"href":"https:\/\/www.martonilles.com\/de\/wp-json\/wp\/v2\/media?parent=323"}],"curies":[{"name":"wp","href":"https:\/\/api.w.org\/{rel}","templated":true}]}}