{"id":348,"date":"2015-11-23T14:09:27","date_gmt":"2015-11-23T14:09:27","guid":{"rendered":"http:\/\/www.martonilles.com\/de\/?page_id=348"},"modified":"2023-09-02T15:27:13","modified_gmt":"2023-09-02T13:27:13","slug":"ujra-koeroek-fuer-zwei-trompeten-und-horn-2015","status":"publish","type":"page","link":"https:\/\/www.martonilles.com\/de\/werke\/kammermusik\/ujra-koeroek-fuer-zwei-trompeten-und-horn-2015\/","title":{"rendered":"\u00c9n-k\u00f6r I <span>f\u00fcr zwei Trompeten und Horn (2015)<\/span>"},"content":{"rendered":"<p><strong>Instrumente: <\/strong>2 Trp., Hn.<strong><br \/>\n<\/strong><strong>Dauer:<\/strong> 4 Min.<br class=\"spacer\" \/><strong>UA.: <\/strong> 1.6.2015 Festival Stage, Teater Republique, Kopenhagen, Saar Berger &#8211; Horn, Valentin Garvie, Sava Stoianov &#8211; Trompete (Ensemble Modern)<iframe loading=\"lazy\" src=\"\/\/www.youtube.com\/embed\/MhMDComZADo\" width=\"560\" height=\"314\" allowfullscreen=\"allowfullscreen\"><\/iframe><\/p>\n<table>\n<tbody>\n<tr>\n<td><img loading=\"lazy\" decoding=\"async\" class=\"alignnone wp-image-143 size-full\" src=\"\/wp-content\/uploads\/2015\/11\/sound-icon.png\" alt=\"sound-icon\" width=\"32\" height=\"32\" \/><\/td>\n<td><img loading=\"lazy\" decoding=\"async\" class=\"alignnone wp-image-144 size-full\" src=\"\/wp-content\/uploads\/2015\/11\/text-icon.png\" alt=\"text-icon\" width=\"32\" height=\"32\" \/><\/td>\n<td><img loading=\"lazy\" decoding=\"async\" class=\"alignnone wp-image-141 size-full\" src=\"\/wp-content\/uploads\/2015\/11\/note-icon.png\" alt=\"note-icon\" width=\"32\" height=\"32\" \/><\/td>\n<td><img loading=\"lazy\" decoding=\"async\" class=\"alignnone wp-image-142 size-full\" src=\"\/wp-content\/uploads\/2015\/11\/publisher-icon.png\" alt=\"publisher-icon\" width=\"32\" height=\"32\" \/><\/td>\n<td><img loading=\"lazy\" decoding=\"async\" class=\"alignnone wp-image-142 size-full\" src=\"\/wp-content\/uploads\/2015\/12\/cd-icon.png\" alt=\"cd-icon\" width=\"32\" height=\"32\" \/><\/td>\n<\/tr>\n<\/tbody>\n<\/table>\n","protected":false},"excerpt":{"rendered":"<p>Instrumente: 2 Trp., Hn. Dauer: 4 Min.UA.: 1.6.2015 Festival Stage, Teater Republique, Kopenhagen, Saar Berger &#8211; Horn, Valentin Garvie, Sava Stoianov &#8211; Trompete (Ensemble Modern)<\/p>\n","protected":false},"author":1,"featured_media":0,"parent":339,"menu_order":40,"comment_status":"closed","ping_status":"closed","template":"","meta":{"footnotes":""},"_links":{"self":[{"href":"https:\/\/www.martonilles.com\/de\/wp-json\/wp\/v2\/pages\/348"}],"collection":[{"href":"https:\/\/www.martonilles.com\/de\/wp-json\/wp\/v2\/pages"}],"about":[{"href":"https:\/\/www.martonilles.com\/de\/wp-json\/wp\/v2\/types\/page"}],"author":[{"embeddable":true,"href":"https:\/\/www.martonilles.com\/de\/wp-json\/wp\/v2\/users\/1"}],"replies":[{"embeddable":true,"href":"https:\/\/www.martonilles.com\/de\/wp-json\/wp\/v2\/comments?post=348"}],"version-history":[{"count":7,"href":"https:\/\/www.martonilles.com\/de\/wp-json\/wp\/v2\/pages\/348\/revisions"}],"predecessor-version":[{"id":1666,"href":"https:\/\/www.martonilles.com\/de\/wp-json\/wp\/v2\/pages\/348\/revisions\/1666"}],"up":[{"embeddable":true,"href":"https:\/\/www.martonilles.com\/de\/wp-json\/wp\/v2\/pages\/339"}],"wp:attachment":[{"href":"https:\/\/www.martonilles.com\/de\/wp-json\/wp\/v2\/media?parent=348"}],"curies":[{"name":"wp","href":"https:\/\/api.w.org\/{rel}","templated":true}]}}