{"id":378,"date":"2015-11-23T15:15:08","date_gmt":"2015-11-23T15:15:08","guid":{"rendered":"http:\/\/www.martonilles.com\/de\/?page_id=378"},"modified":"2015-12-25T19:34:46","modified_gmt":"2015-12-25T19:34:46","slug":"psychogramm-ii-rettegos-aengstelnd-fuer-klarinette-2015","status":"publish","type":"page","link":"https:\/\/www.martonilles.com\/de\/werke\/instrumentationen\/psychogramm-ii-rettegos-aengstelnd-fuer-klarinette-2015\/","title":{"rendered":"Psychogramm II &#8222;Retteg\u0151s&#8220;<span> (\u00c4ngstelnd) f\u00fcr Klarinette (2015) <\/span>"},"content":{"rendered":"<p><strong>Dauer: <\/strong>10 Min.<br \/>\n<strong>Besetzung: <\/strong>Klarinette (B)<br \/>\n<strong>UA.: <\/strong>25.4.2015, Wittener Tage f\u00fcr neue Kammermusik, Bogl\u00e1rka Pecze Im Auftrag des WDR<\/p>\n<p>Klangbeispiele: Bogl\u00e1rka Pecze &#8211; Klarinette<\/p>\n<!--[if lt IE 9]><script>document.createElement('audio');<\/script><![endif]-->\n<audio class=\"wp-audio-shortcode\" id=\"audio-378-1\" preload=\"none\" style=\"width: 100%;\" controls=\"controls\"><source type=\"audio\/mpeg\" src=\"http:\/\/www.martonilles.com\/wp-content\/uploads\/2015\/12\/Retteg\u00f6s-excerpt-1.mp3?_=1\" \/><a href=\"http:\/\/www.martonilles.com\/wp-content\/uploads\/2015\/12\/Retteg\u00f6s-excerpt-1.mp3\">http:\/\/www.martonilles.com\/wp-content\/uploads\/2015\/12\/Retteg\u00f6s-excerpt-1.mp3<\/a><\/audio>\n<audio class=\"wp-audio-shortcode\" id=\"audio-378-2\" preload=\"none\" style=\"width: 100%;\" controls=\"controls\"><source type=\"audio\/mpeg\" src=\"http:\/\/www.martonilles.com\/wp-content\/uploads\/2015\/12\/Retteg\u00f6s-excerpt-2.mp3?_=2\" \/><a href=\"http:\/\/www.martonilles.com\/wp-content\/uploads\/2015\/12\/Retteg\u00f6s-excerpt-2.mp3\">http:\/\/www.martonilles.com\/wp-content\/uploads\/2015\/12\/Retteg\u00f6s-excerpt-2.mp3<\/a><\/audio>\n<table>\n<tbody>\n<tr>\n<td><img loading=\"lazy\" decoding=\"async\" class=\"alignnone wp-image-143 size-full\" src=\"\/wp-content\/uploads\/2015\/11\/sound-icon.png\" alt=\"sound-icon\" width=\"32\" height=\"32\" \/><\/td>\n<td><img loading=\"lazy\" decoding=\"async\" class=\"alignnone wp-image-144 size-full\" src=\"\/wp-content\/uploads\/2015\/11\/text-icon.png\" alt=\"text-icon\" width=\"32\" height=\"32\" \/><\/td>\n<td><img loading=\"lazy\" decoding=\"async\" class=\"alignnone wp-image-141 size-full\" src=\"\/wp-content\/uploads\/2015\/11\/note-icon.png\" alt=\"note-icon\" width=\"32\" height=\"32\" \/><\/td>\n<td><img loading=\"lazy\" decoding=\"async\" class=\"alignnone wp-image-142 size-full\" src=\"\/wp-content\/uploads\/2015\/11\/publisher-icon.png\" alt=\"publisher-icon\" width=\"32\" height=\"32\" \/><\/td>\n<\/tr>\n<\/tbody>\n<\/table>\n","protected":false},"excerpt":{"rendered":"<p>Dauer: 10 Min. Besetzung: Klarinette (B) UA.: 25.4.2015, Wittener Tage f\u00fcr neue Kammermusik, Bogl\u00e1rka Pecze Im Auftrag des WDR Klangbeispiele: Bogl\u00e1rka Pecze &#8211; Klarinette<\/p>\n","protected":false},"author":1,"featured_media":0,"parent":359,"menu_order":20,"comment_status":"closed","ping_status":"closed","template":"","meta":{"footnotes":""},"_links":{"self":[{"href":"https:\/\/www.martonilles.com\/de\/wp-json\/wp\/v2\/pages\/378"}],"collection":[{"href":"https:\/\/www.martonilles.com\/de\/wp-json\/wp\/v2\/pages"}],"about":[{"href":"https:\/\/www.martonilles.com\/de\/wp-json\/wp\/v2\/types\/page"}],"author":[{"embeddable":true,"href":"https:\/\/www.martonilles.com\/de\/wp-json\/wp\/v2\/users\/1"}],"replies":[{"embeddable":true,"href":"https:\/\/www.martonilles.com\/de\/wp-json\/wp\/v2\/comments?post=378"}],"version-history":[{"count":12,"href":"https:\/\/www.martonilles.com\/de\/wp-json\/wp\/v2\/pages\/378\/revisions"}],"predecessor-version":[{"id":696,"href":"https:\/\/www.martonilles.com\/de\/wp-json\/wp\/v2\/pages\/378\/revisions\/696"}],"up":[{"embeddable":true,"href":"https:\/\/www.martonilles.com\/de\/wp-json\/wp\/v2\/pages\/359"}],"wp:attachment":[{"href":"https:\/\/www.martonilles.com\/de\/wp-json\/wp\/v2\/media?parent=378"}],"curies":[{"name":"wp","href":"https:\/\/api.w.org\/{rel}","templated":true}]}}