{"id":380,"date":"2015-11-23T15:17:22","date_gmt":"2015-11-23T15:17:22","guid":{"rendered":"http:\/\/www.martonilles.com\/de\/?page_id=380"},"modified":"2016-02-06T21:53:01","modified_gmt":"2016-02-06T21:53:01","slug":"harom-akvarell-klarinetra-drei-aquarelle-fuer-klarinette-2015","status":"publish","type":"page","link":"https:\/\/www.martonilles.com\/de\/werke\/instrumentationen\/harom-akvarell-klarinetra-drei-aquarelle-fuer-klarinette-2015\/","title":{"rendered":"H\u00e1rom akvarell klarin\u00e9tra <span>(Drei Aquarelle f\u00fcr Klarinette) (2015)<\/span>"},"content":{"rendered":"<p><strong>Dauer:<\/strong> 5 Min.<br class=\"spacer\" \/><strong>Besetzung:<\/strong> Klarinette (B)<br class=\"spacer\" \/><strong>UA.:<\/strong> Felix Mendelssohn Bartholdy Hochschulwettbewerb, Berlin 2015, Magdalena Faust Im Auftrag des Mendelssohn Bartholdy Hochschulwettbewerbes.<\/p>\n<p><a href=\"http:\/\/www.fmb-hochschulwettbewerb.de\/multimedia\/videos\/videos-2015\/video-illes-harom-akvarell-klarinetra-drei-aquarelle-fuer-klarinette\/\">http:\/\/www.fmb-hochschulwettbewerb.de\/multimedia\/videos\/videos-2015\/video-illes-harom-akvarell-klarinetra-drei-aquarelle-fuer-klarinette\/<\/a><\/p>\n","protected":false},"excerpt":{"rendered":"<p>Dauer: 5 Min.Besetzung: Klarinette (B)UA.: Felix Mendelssohn Bartholdy Hochschulwettbewerb, Berlin 2015, Magdalena Faust Im Auftrag des Mendelssohn Bartholdy Hochschulwettbewerbes. http:\/\/www.fmb-hochschulwettbewerb.de\/multimedia\/videos\/videos-2015\/video-illes-harom-akvarell-klarinetra-drei-aquarelle-fuer-klarinette\/<\/p>\n","protected":false},"author":1,"featured_media":0,"parent":359,"menu_order":30,"comment_status":"closed","ping_status":"closed","template":"","meta":{"footnotes":""},"_links":{"self":[{"href":"https:\/\/www.martonilles.com\/de\/wp-json\/wp\/v2\/pages\/380"}],"collection":[{"href":"https:\/\/www.martonilles.com\/de\/wp-json\/wp\/v2\/pages"}],"about":[{"href":"https:\/\/www.martonilles.com\/de\/wp-json\/wp\/v2\/types\/page"}],"author":[{"embeddable":true,"href":"https:\/\/www.martonilles.com\/de\/wp-json\/wp\/v2\/users\/1"}],"replies":[{"embeddable":true,"href":"https:\/\/www.martonilles.com\/de\/wp-json\/wp\/v2\/comments?post=380"}],"version-history":[{"count":9,"href":"https:\/\/www.martonilles.com\/de\/wp-json\/wp\/v2\/pages\/380\/revisions"}],"predecessor-version":[{"id":889,"href":"https:\/\/www.martonilles.com\/de\/wp-json\/wp\/v2\/pages\/380\/revisions\/889"}],"up":[{"embeddable":true,"href":"https:\/\/www.martonilles.com\/de\/wp-json\/wp\/v2\/pages\/359"}],"wp:attachment":[{"href":"https:\/\/www.martonilles.com\/de\/wp-json\/wp\/v2\/media?parent=380"}],"curies":[{"name":"wp","href":"https:\/\/api.w.org\/{rel}","templated":true}]}}