{"id":388,"date":"2015-11-24T09:53:26","date_gmt":"2015-11-24T09:53:26","guid":{"rendered":"http:\/\/www.martonilles.com\/de\/?page_id=388"},"modified":"2015-12-07T14:16:12","modified_gmt":"2015-12-07T14:16:12","slug":"euforiak-i-fuer-klavier-2009","status":"publish","type":"page","link":"https:\/\/www.martonilles.com\/de\/werke\/instrumentationen\/euforiak-i-fuer-klavier-2009\/","title":{"rendered":"Euf\u00f3ri\u00e1k I <span>f\u00fcr Klavier (2009)<\/span>"},"content":{"rendered":"<p><strong>Dauer:<\/strong> 6 Min.<br class=\"spacer\" \/><strong>UA.: <\/strong>Pflichtst\u00fcck, Beethoven Klavierwettbewerb Bonn 2009, Hinrich Alpers Im Auftrag der Deutschen Telekom.<\/p>\n<table>\n<tbody>\n<tr>\n<td><img loading=\"lazy\" decoding=\"async\" class=\"alignnone wp-image-143 size-full\" src=\"\/wp-content\/uploads\/2015\/11\/sound-icon.png\" alt=\"sound-icon\" width=\"32\" height=\"32\" \/><\/td>\n<td><img loading=\"lazy\" decoding=\"async\" class=\"alignnone wp-image-145 size-full\" src=\"\/wp-content\/uploads\/2015\/11\/video-icon.png\" alt=\"video-icon\" width=\"32\" height=\"32\" \/><\/td>\n<td><img loading=\"lazy\" decoding=\"async\" class=\"alignnone wp-image-144 size-full\" src=\"\/wp-content\/uploads\/2015\/11\/text-icon.png\" alt=\"text-icon\" width=\"32\" height=\"32\" \/><\/td>\n<td><img loading=\"lazy\" decoding=\"async\" class=\"alignnone wp-image-141 size-full\" src=\"\/wp-content\/uploads\/2015\/11\/note-icon.png\" alt=\"note-icon\" width=\"32\" height=\"32\" \/><\/td>\n<td><img loading=\"lazy\" decoding=\"async\" class=\"alignnone wp-image-142 size-full\" src=\"\/wp-content\/uploads\/2015\/11\/publisher-icon.png\" alt=\"publisher-icon\" width=\"32\" height=\"32\" \/><\/td>\n<\/tr>\n<\/tbody>\n<\/table>\n","protected":false},"excerpt":{"rendered":"<p>Dauer: 6 Min.UA.: Pflichtst\u00fcck, Beethoven Klavierwettbewerb Bonn 2009, Hinrich Alpers Im Auftrag der Deutschen Telekom.<\/p>\n","protected":false},"author":1,"featured_media":0,"parent":359,"menu_order":110,"comment_status":"closed","ping_status":"closed","template":"","meta":{"footnotes":""},"_links":{"self":[{"href":"https:\/\/www.martonilles.com\/de\/wp-json\/wp\/v2\/pages\/388"}],"collection":[{"href":"https:\/\/www.martonilles.com\/de\/wp-json\/wp\/v2\/pages"}],"about":[{"href":"https:\/\/www.martonilles.com\/de\/wp-json\/wp\/v2\/types\/page"}],"author":[{"embeddable":true,"href":"https:\/\/www.martonilles.com\/de\/wp-json\/wp\/v2\/users\/1"}],"replies":[{"embeddable":true,"href":"https:\/\/www.martonilles.com\/de\/wp-json\/wp\/v2\/comments?post=388"}],"version-history":[{"count":3,"href":"https:\/\/www.martonilles.com\/de\/wp-json\/wp\/v2\/pages\/388\/revisions"}],"predecessor-version":[{"id":594,"href":"https:\/\/www.martonilles.com\/de\/wp-json\/wp\/v2\/pages\/388\/revisions\/594"}],"up":[{"embeddable":true,"href":"https:\/\/www.martonilles.com\/de\/wp-json\/wp\/v2\/pages\/359"}],"wp:attachment":[{"href":"https:\/\/www.martonilles.com\/de\/wp-json\/wp\/v2\/media?parent=388"}],"curies":[{"name":"wp","href":"https:\/\/api.w.org\/{rel}","templated":true}]}}